{"id":1631,"date":"2025-01-21T09:54:38","date_gmt":"2025-01-21T08:54:38","guid":{"rendered":"https:\/\/www.shop-gardenvillagebled.forwardapps.si\/shop\/unkategorisiert\/schluesselanhaenger\/"},"modified":"2025-01-21T09:54:38","modified_gmt":"2025-01-21T08:54:38","slug":"schluesselanhaenger","status":"publish","type":"product","link":"https:\/\/shop.gardenvillagebled.com\/de\/shop\/souvenirs-de\/schluesselanhaenger\/","title":{"rendered":"Schl\u00fcsselanh\u00e4nger"},"content":{"rendered":"<p>Holz-Schl\u00fcsselanh\u00e4nger mit dem Garden Village Bled-Logo.<\/p>\n","protected":false},"excerpt":{"rendered":"<p>Holz-Schl\u00fcsselanh\u00e4nger mit dem Garden Village Bled-Logo.<\/p>\n","protected":false},"featured_media":1484,"template":"","meta":[],"product_brand":[],"product_cat":[52],"product_tag":[],"class_list":{"0":"post-1631","1":"product","2":"type-product","3":"status-publish","4":"has-post-thumbnail","6":"product_cat-souvenirs-de","7":"product_shipping_class-bis-zu-2-kg","9":"first","10":"instock","11":"taxable","12":"shipping-taxable","13":"purchasable","14":"product-type-simple"},"yoast_head":"<!-- This site is optimized with the Yoast SEO plugin v26.9 - https:\/\/yoast.com\/product\/yoast-seo-wordpress\/ -->\n<title>Schl\u00fcsselanh\u00e4nger - Garden Village Bled - Get Yours Today<\/title>\n<meta name=\"description\" content=\"Nehmen Sie ein St\u00fcck Garden Village mit unserem stilvollen Holz-Schl\u00fcsselanh\u00e4nger mit nach Hause. Ein perfektes Andenken, um sich an Ihren Besuch zu erinnern oder als Geschenk!\" \/>\n<meta name=\"robots\" content=\"index, follow, max-snippet:-1, max-image-preview:large, max-video-preview:-1\" \/>\n<link rel=\"canonical\" href=\"https:\/\/shop.gardenvillagebled.com\/de\/shop\/souvenirs-de\/schluesselanhaenger\/\" \/>\n<meta property=\"og:locale\" content=\"de_DE\" \/>\n<meta property=\"og:type\" content=\"article\" \/>\n<meta property=\"og:title\" content=\"Schl\u00fcsselanh\u00e4nger - Garden Village Bled - Get Yours Today\" \/>\n<meta property=\"og:description\" content=\"Nehmen Sie ein St\u00fcck Garden Village mit unserem stilvollen Holz-Schl\u00fcsselanh\u00e4nger mit nach Hause. Ein perfektes Andenken, um sich an Ihren Besuch zu erinnern oder als Geschenk!\" \/>\n<meta property=\"og:url\" content=\"https:\/\/shop.gardenvillagebled.com\/de\/shop\/souvenirs-de\/schluesselanhaenger\/\" \/>\n<meta property=\"og:site_name\" content=\"Garden Village Bled\" \/>\n<meta property=\"article:publisher\" content=\"https:\/\/www.facebook.com\/GardenVillageBledSlovenia\/\" \/>\n<meta property=\"og:image\" content=\"https:\/\/shop.gardenvillagebled.com\/wp-content\/uploads\/2025\/01\/produkti-6-scaled.jpg\" \/>\n\t<meta property=\"og:image:width\" content=\"1920\" \/>\n\t<meta property=\"og:image:height\" content=\"2560\" \/>\n\t<meta property=\"og:image:type\" content=\"image\/jpeg\" \/>\n<meta name=\"twitter:card\" content=\"summary_large_image\" \/>\n<script type=\"application\/ld+json\" class=\"yoast-schema-graph\">{\"@context\":\"https:\/\/schema.org\",\"@graph\":[{\"@type\":\"WebPage\",\"@id\":\"https:\/\/shop.gardenvillagebled.com\/de\/shop\/souvenirs-de\/schluesselanhaenger\/\",\"url\":\"https:\/\/shop.gardenvillagebled.com\/de\/shop\/souvenirs-de\/schluesselanhaenger\/\",\"name\":\"Schl\u00fcsselanh\u00e4nger - Garden Village Bled - Get Yours Today\",\"isPartOf\":{\"@id\":\"https:\/\/shop.gardenvillagebled.com\/de\/#website\"},\"primaryImageOfPage\":{\"@id\":\"https:\/\/shop.gardenvillagebled.com\/de\/shop\/souvenirs-de\/schluesselanhaenger\/#primaryimage\"},\"image\":{\"@id\":\"https:\/\/shop.gardenvillagebled.com\/de\/shop\/souvenirs-de\/schluesselanhaenger\/#primaryimage\"},\"thumbnailUrl\":\"https:\/\/shop.gardenvillagebled.com\/wp-content\/uploads\/2025\/01\/produkti-6-scaled.jpg\",\"datePublished\":\"2025-01-21T08:54:38+00:00\",\"description\":\"Nehmen Sie ein St\u00fcck Garden Village mit unserem stilvollen Holz-Schl\u00fcsselanh\u00e4nger mit nach Hause. Ein perfektes Andenken, um sich an Ihren Besuch zu erinnern oder als Geschenk!\",\"breadcrumb\":{\"@id\":\"https:\/\/shop.gardenvillagebled.com\/de\/shop\/souvenirs-de\/schluesselanhaenger\/#breadcrumb\"},\"inLanguage\":\"de\",\"potentialAction\":[{\"@type\":\"ReadAction\",\"target\":[\"https:\/\/shop.gardenvillagebled.com\/de\/shop\/souvenirs-de\/schluesselanhaenger\/\"]}]},{\"@type\":\"ImageObject\",\"inLanguage\":\"de\",\"@id\":\"https:\/\/shop.gardenvillagebled.com\/de\/shop\/souvenirs-de\/schluesselanhaenger\/#primaryimage\",\"url\":\"https:\/\/shop.gardenvillagebled.com\/wp-content\/uploads\/2025\/01\/produkti-6-scaled.jpg\",\"contentUrl\":\"https:\/\/shop.gardenvillagebled.com\/wp-content\/uploads\/2025\/01\/produkti-6-scaled.jpg\",\"width\":1920,\"height\":2560},{\"@type\":\"BreadcrumbList\",\"@id\":\"https:\/\/shop.gardenvillagebled.com\/de\/shop\/souvenirs-de\/schluesselanhaenger\/#breadcrumb\",\"itemListElement\":[{\"@type\":\"ListItem\",\"position\":1,\"name\":\"Home\",\"item\":\"https:\/\/shop.gardenvillagebled.com\/de\/startseite\/\"},{\"@type\":\"ListItem\",\"position\":2,\"name\":\"Shop\",\"item\":\"https:\/\/shop.gardenvillagebled.com\/de\/shop\/\"},{\"@type\":\"ListItem\",\"position\":3,\"name\":\"Schl\u00fcsselanh\u00e4nger\"}]},{\"@type\":\"WebSite\",\"@id\":\"https:\/\/shop.gardenvillagebled.com\/de\/#website\",\"url\":\"https:\/\/shop.gardenvillagebled.com\/de\/\",\"name\":\"Garden Village Bled Shop\",\"description\":\"Friends with nature\",\"publisher\":{\"@id\":\"https:\/\/shop.gardenvillagebled.com\/de\/#organization\"},\"potentialAction\":[{\"@type\":\"SearchAction\",\"target\":{\"@type\":\"EntryPoint\",\"urlTemplate\":\"https:\/\/shop.gardenvillagebled.com\/de\/?s={search_term_string}\"},\"query-input\":{\"@type\":\"PropertyValueSpecification\",\"valueRequired\":true,\"valueName\":\"search_term_string\"}}],\"inLanguage\":\"de\"},{\"@type\":\"Organization\",\"@id\":\"https:\/\/shop.gardenvillagebled.com\/de\/#organization\",\"name\":\"Garden Village Bled Shop\",\"url\":\"https:\/\/shop.gardenvillagebled.com\/de\/\",\"logo\":{\"@type\":\"ImageObject\",\"inLanguage\":\"de\",\"@id\":\"https:\/\/shop.gardenvillagebled.com\/de\/#\/schema\/logo\/image\/\",\"url\":\"https:\/\/shop.gardenvillagebled.com\/wp-content\/uploads\/2025\/01\/Kelih-family-logo.png\",\"contentUrl\":\"https:\/\/shop.gardenvillagebled.com\/wp-content\/uploads\/2025\/01\/Kelih-family-logo.png\",\"width\":32,\"height\":32,\"caption\":\"Garden Village Bled Shop\"},\"image\":{\"@id\":\"https:\/\/shop.gardenvillagebled.com\/de\/#\/schema\/logo\/image\/\"},\"sameAs\":[\"https:\/\/www.facebook.com\/GardenVillageBledSlovenia\/\"]}]}<\/script>\n<!-- \/ Yoast SEO plugin. -->","yoast_head_json":{"title":"Schl\u00fcsselanh\u00e4nger - Garden Village Bled - Get Yours Today","description":"Nehmen Sie ein St\u00fcck Garden Village mit unserem stilvollen Holz-Schl\u00fcsselanh\u00e4nger mit nach Hause. Ein perfektes Andenken, um sich an Ihren Besuch zu erinnern oder als Geschenk!","robots":{"index":"index","follow":"follow","max-snippet":"max-snippet:-1","max-image-preview":"max-image-preview:large","max-video-preview":"max-video-preview:-1"},"canonical":"https:\/\/shop.gardenvillagebled.com\/de\/shop\/souvenirs-de\/schluesselanhaenger\/","og_locale":"de_DE","og_type":"article","og_title":"Schl\u00fcsselanh\u00e4nger - Garden Village Bled - Get Yours Today","og_description":"Nehmen Sie ein St\u00fcck Garden Village mit unserem stilvollen Holz-Schl\u00fcsselanh\u00e4nger mit nach Hause. Ein perfektes Andenken, um sich an Ihren Besuch zu erinnern oder als Geschenk!","og_url":"https:\/\/shop.gardenvillagebled.com\/de\/shop\/souvenirs-de\/schluesselanhaenger\/","og_site_name":"Garden Village Bled","article_publisher":"https:\/\/www.facebook.com\/GardenVillageBledSlovenia\/","og_image":[{"width":1920,"height":2560,"url":"https:\/\/shop.gardenvillagebled.com\/wp-content\/uploads\/2025\/01\/produkti-6-scaled.jpg","type":"image\/jpeg"}],"twitter_card":"summary_large_image","schema":{"@context":"https:\/\/schema.org","@graph":[{"@type":"WebPage","@id":"https:\/\/shop.gardenvillagebled.com\/de\/shop\/souvenirs-de\/schluesselanhaenger\/","url":"https:\/\/shop.gardenvillagebled.com\/de\/shop\/souvenirs-de\/schluesselanhaenger\/","name":"Schl\u00fcsselanh\u00e4nger - Garden Village Bled - Get Yours Today","isPartOf":{"@id":"https:\/\/shop.gardenvillagebled.com\/de\/#website"},"primaryImageOfPage":{"@id":"https:\/\/shop.gardenvillagebled.com\/de\/shop\/souvenirs-de\/schluesselanhaenger\/#primaryimage"},"image":{"@id":"https:\/\/shop.gardenvillagebled.com\/de\/shop\/souvenirs-de\/schluesselanhaenger\/#primaryimage"},"thumbnailUrl":"https:\/\/shop.gardenvillagebled.com\/wp-content\/uploads\/2025\/01\/produkti-6-scaled.jpg","datePublished":"2025-01-21T08:54:38+00:00","description":"Nehmen Sie ein St\u00fcck Garden Village mit unserem stilvollen Holz-Schl\u00fcsselanh\u00e4nger mit nach Hause. Ein perfektes Andenken, um sich an Ihren Besuch zu erinnern oder als Geschenk!","breadcrumb":{"@id":"https:\/\/shop.gardenvillagebled.com\/de\/shop\/souvenirs-de\/schluesselanhaenger\/#breadcrumb"},"inLanguage":"de","potentialAction":[{"@type":"ReadAction","target":["https:\/\/shop.gardenvillagebled.com\/de\/shop\/souvenirs-de\/schluesselanhaenger\/"]}]},{"@type":"ImageObject","inLanguage":"de","@id":"https:\/\/shop.gardenvillagebled.com\/de\/shop\/souvenirs-de\/schluesselanhaenger\/#primaryimage","url":"https:\/\/shop.gardenvillagebled.com\/wp-content\/uploads\/2025\/01\/produkti-6-scaled.jpg","contentUrl":"https:\/\/shop.gardenvillagebled.com\/wp-content\/uploads\/2025\/01\/produkti-6-scaled.jpg","width":1920,"height":2560},{"@type":"BreadcrumbList","@id":"https:\/\/shop.gardenvillagebled.com\/de\/shop\/souvenirs-de\/schluesselanhaenger\/#breadcrumb","itemListElement":[{"@type":"ListItem","position":1,"name":"Home","item":"https:\/\/shop.gardenvillagebled.com\/de\/startseite\/"},{"@type":"ListItem","position":2,"name":"Shop","item":"https:\/\/shop.gardenvillagebled.com\/de\/shop\/"},{"@type":"ListItem","position":3,"name":"Schl\u00fcsselanh\u00e4nger"}]},{"@type":"WebSite","@id":"https:\/\/shop.gardenvillagebled.com\/de\/#website","url":"https:\/\/shop.gardenvillagebled.com\/de\/","name":"Garden Village Bled Shop","description":"Friends with nature","publisher":{"@id":"https:\/\/shop.gardenvillagebled.com\/de\/#organization"},"potentialAction":[{"@type":"SearchAction","target":{"@type":"EntryPoint","urlTemplate":"https:\/\/shop.gardenvillagebled.com\/de\/?s={search_term_string}"},"query-input":{"@type":"PropertyValueSpecification","valueRequired":true,"valueName":"search_term_string"}}],"inLanguage":"de"},{"@type":"Organization","@id":"https:\/\/shop.gardenvillagebled.com\/de\/#organization","name":"Garden Village Bled Shop","url":"https:\/\/shop.gardenvillagebled.com\/de\/","logo":{"@type":"ImageObject","inLanguage":"de","@id":"https:\/\/shop.gardenvillagebled.com\/de\/#\/schema\/logo\/image\/","url":"https:\/\/shop.gardenvillagebled.com\/wp-content\/uploads\/2025\/01\/Kelih-family-logo.png","contentUrl":"https:\/\/shop.gardenvillagebled.com\/wp-content\/uploads\/2025\/01\/Kelih-family-logo.png","width":32,"height":32,"caption":"Garden Village Bled Shop"},"image":{"@id":"https:\/\/shop.gardenvillagebled.com\/de\/#\/schema\/logo\/image\/"},"sameAs":["https:\/\/www.facebook.com\/GardenVillageBledSlovenia\/"]}]}},"_links":{"self":[{"href":"https:\/\/shop.gardenvillagebled.com\/de\/wp-json\/wp\/v2\/product\/1631","targetHints":{"allow":["GET"]}}],"collection":[{"href":"https:\/\/shop.gardenvillagebled.com\/de\/wp-json\/wp\/v2\/product"}],"about":[{"href":"https:\/\/shop.gardenvillagebled.com\/de\/wp-json\/wp\/v2\/types\/product"}],"wp:featuredmedia":[{"embeddable":true,"href":"https:\/\/shop.gardenvillagebled.com\/de\/wp-json\/wp\/v2\/media\/1484"}],"wp:attachment":[{"href":"https:\/\/shop.gardenvillagebled.com\/de\/wp-json\/wp\/v2\/media?parent=1631"}],"wp:term":[{"taxonomy":"product_brand","embeddable":true,"href":"https:\/\/shop.gardenvillagebled.com\/de\/wp-json\/wp\/v2\/product_brand?post=1631"},{"taxonomy":"product_cat","embeddable":true,"href":"https:\/\/shop.gardenvillagebled.com\/de\/wp-json\/wp\/v2\/product_cat?post=1631"},{"taxonomy":"product_tag","embeddable":true,"href":"https:\/\/shop.gardenvillagebled.com\/de\/wp-json\/wp\/v2\/product_tag?post=1631"}],"curies":[{"name":"wp","href":"https:\/\/api.w.org\/{rel}","templated":true}]}}