{"id":1718,"date":"2025-01-14T08:41:51","date_gmt":"2025-01-14T07:41:51","guid":{"rendered":"https:\/\/www.shop-gardenvillagebled.forwardapps.si\/shop\/unkategorisiert\/garden-village-geschenkgutschein\/"},"modified":"2025-02-03T14:39:33","modified_gmt":"2025-02-03T13:39:33","slug":"garden-village-geschenkgutschein","status":"publish","type":"product","link":"https:\/\/shop.gardenvillagebled.com\/de\/shop\/geschenkgutscheine\/garden-village-geschenkgutschein\/","title":{"rendered":"Garden Village Geschenkgutschein"},"content":{"rendered":"<p>Ein Erlebnis ist die beste Art von Geschenk &#8211; der Empf\u00e4nger wird sich zweifellos noch jahrelang daran erinnern. Eine \u00dcbernachtung im Garden Village Resort oder eine Mahlzeit in unserem Restaurant ist ein unvergessliches Erlebnis f\u00fcr die Sinne. Verschenken Sie es doch an Ihre Lieben zum Geburtstag, zu einem besonderen pers\u00f6nlichen Meilenstein oder einfach, weil sch\u00f6ne Momente geteilt werden sollen.<\/p>\n<p>Nach dem Kauf Ihres Online-Geschenkgutscheins senden wir Ihnen eine digitale Version per E-Mail, die Sie ausdrucken und dem Beschenkten sofort \u00fcberreichen k\u00f6nnen. Anschlie\u00dfend erhalten Sie auch einen gedruckten Geschenkgutschein per Post. Der Geschenkgutschein kann f\u00fcr alle im Garden Village Resort angebotenen Leistungen (Resort, Restaurant und Spa) verwendet werden. Der Geschenkgutschein kann nicht in Bargeld umgetauscht werden.<\/p>\n","protected":false},"excerpt":{"rendered":"<p>Eine \u00dcbernachtung im Garden Village Resort oder eine Mahlzeit in unserem Restaurant ist ein unvergessliches Erlebnis f\u00fcr die Sinne. Verschenken Sie es doch an Ihre Lieben zum Geburtstag, zu einem besonderen pers\u00f6nlichen Meilenstein oder einfach, weil sch\u00f6ne Momente geteilt werden sollen.<\/p>\n","protected":false},"featured_media":960,"template":"","meta":[],"product_brand":[],"product_cat":[61],"product_tag":[],"class_list":{"0":"post-1718","1":"product","2":"type-product","3":"status-publish","4":"has-post-thumbnail","6":"product_cat-geschenkgutscheine","8":"first","9":"instock","10":"taxable","11":"shipping-taxable","12":"purchasable","13":"product-type-variable","14":"has-default-attributes"},"yoast_head":"<!-- This site is optimized with the Yoast SEO plugin v26.9 - https:\/\/yoast.com\/product\/yoast-seo-wordpress\/ -->\n<title>Garden Village Geschenkgutschein - Garden Village Bled - Get Yours Today<\/title>\n<meta name=\"description\" content=\"\u00dcberraschen Sie Ihre Lieben mit einem Garden Village-Erlebnis - Luxusaufenthalte, Restaurants oder Wellnessangebote. Sofortige E-Mail und per Post verschickte Geschenkkarten inklusive!\" \/>\n<meta name=\"robots\" content=\"index, follow, max-snippet:-1, max-image-preview:large, max-video-preview:-1\" \/>\n<link rel=\"canonical\" href=\"https:\/\/shop.gardenvillagebled.com\/de\/shop\/geschenkgutscheine\/garden-village-geschenkgutschein\/\" \/>\n<meta property=\"og:locale\" content=\"de_DE\" \/>\n<meta property=\"og:type\" content=\"article\" \/>\n<meta property=\"og:title\" content=\"Garden Village Geschenkgutschein - Garden Village Bled - Get Yours Today\" \/>\n<meta property=\"og:description\" content=\"\u00dcberraschen Sie Ihre Lieben mit einem Garden Village-Erlebnis - Luxusaufenthalte, Restaurants oder Wellnessangebote. Sofortige E-Mail und per Post verschickte Geschenkkarten inklusive!\" \/>\n<meta property=\"og:url\" content=\"https:\/\/shop.gardenvillagebled.com\/de\/shop\/geschenkgutscheine\/garden-village-geschenkgutschein\/\" \/>\n<meta property=\"og:site_name\" content=\"Garden Village Bled\" \/>\n<meta property=\"article:publisher\" content=\"https:\/\/www.facebook.com\/GardenVillageBledSlovenia\/\" \/>\n<meta property=\"article:modified_time\" content=\"2025-02-03T13:39:33+00:00\" \/>\n<meta property=\"og:image\" content=\"https:\/\/shop.gardenvillagebled.com\/wp-content\/uploads\/2025\/01\/boni-removebg-preview.webp\" \/>\n\t<meta property=\"og:image:width\" content=\"400\" \/>\n\t<meta property=\"og:image:height\" content=\"335\" \/>\n\t<meta property=\"og:image:type\" content=\"image\/webp\" \/>\n<meta name=\"twitter:card\" content=\"summary_large_image\" \/>\n<meta name=\"twitter:label1\" content=\"Gesch\u00e4tzte Lesezeit\" \/>\n\t<meta name=\"twitter:data1\" content=\"1\u00a0Minute\" \/>\n<script type=\"application\/ld+json\" class=\"yoast-schema-graph\">{\"@context\":\"https:\/\/schema.org\",\"@graph\":[{\"@type\":\"WebPage\",\"@id\":\"https:\/\/shop.gardenvillagebled.com\/de\/shop\/geschenkgutscheine\/garden-village-geschenkgutschein\/\",\"url\":\"https:\/\/shop.gardenvillagebled.com\/de\/shop\/geschenkgutscheine\/garden-village-geschenkgutschein\/\",\"name\":\"Garden Village Geschenkgutschein - Garden Village Bled - Get Yours Today\",\"isPartOf\":{\"@id\":\"https:\/\/shop.gardenvillagebled.com\/de\/#website\"},\"primaryImageOfPage\":{\"@id\":\"https:\/\/shop.gardenvillagebled.com\/de\/shop\/geschenkgutscheine\/garden-village-geschenkgutschein\/#primaryimage\"},\"image\":{\"@id\":\"https:\/\/shop.gardenvillagebled.com\/de\/shop\/geschenkgutscheine\/garden-village-geschenkgutschein\/#primaryimage\"},\"thumbnailUrl\":\"https:\/\/shop.gardenvillagebled.com\/wp-content\/uploads\/2025\/01\/boni-removebg-preview.webp\",\"datePublished\":\"2025-01-14T07:41:51+00:00\",\"dateModified\":\"2025-02-03T13:39:33+00:00\",\"description\":\"\u00dcberraschen Sie Ihre Lieben mit einem Garden Village-Erlebnis - Luxusaufenthalte, Restaurants oder Wellnessangebote. Sofortige E-Mail und per Post verschickte Geschenkkarten inklusive!\",\"breadcrumb\":{\"@id\":\"https:\/\/shop.gardenvillagebled.com\/de\/shop\/geschenkgutscheine\/garden-village-geschenkgutschein\/#breadcrumb\"},\"inLanguage\":\"de\",\"potentialAction\":[{\"@type\":\"ReadAction\",\"target\":[\"https:\/\/shop.gardenvillagebled.com\/de\/shop\/geschenkgutscheine\/garden-village-geschenkgutschein\/\"]}]},{\"@type\":\"ImageObject\",\"inLanguage\":\"de\",\"@id\":\"https:\/\/shop.gardenvillagebled.com\/de\/shop\/geschenkgutscheine\/garden-village-geschenkgutschein\/#primaryimage\",\"url\":\"https:\/\/shop.gardenvillagebled.com\/wp-content\/uploads\/2025\/01\/boni-removebg-preview.webp\",\"contentUrl\":\"https:\/\/shop.gardenvillagebled.com\/wp-content\/uploads\/2025\/01\/boni-removebg-preview.webp\",\"width\":400,\"height\":335},{\"@type\":\"BreadcrumbList\",\"@id\":\"https:\/\/shop.gardenvillagebled.com\/de\/shop\/geschenkgutscheine\/garden-village-geschenkgutschein\/#breadcrumb\",\"itemListElement\":[{\"@type\":\"ListItem\",\"position\":1,\"name\":\"Home\",\"item\":\"https:\/\/shop.gardenvillagebled.com\/de\/startseite\/\"},{\"@type\":\"ListItem\",\"position\":2,\"name\":\"Shop\",\"item\":\"https:\/\/shop.gardenvillagebled.com\/de\/shop\/\"},{\"@type\":\"ListItem\",\"position\":3,\"name\":\"Garden Village Geschenkgutschein\"}]},{\"@type\":\"WebSite\",\"@id\":\"https:\/\/shop.gardenvillagebled.com\/de\/#website\",\"url\":\"https:\/\/shop.gardenvillagebled.com\/de\/\",\"name\":\"Garden Village Bled Shop\",\"description\":\"Friends with nature\",\"publisher\":{\"@id\":\"https:\/\/shop.gardenvillagebled.com\/de\/#organization\"},\"potentialAction\":[{\"@type\":\"SearchAction\",\"target\":{\"@type\":\"EntryPoint\",\"urlTemplate\":\"https:\/\/shop.gardenvillagebled.com\/de\/?s={search_term_string}\"},\"query-input\":{\"@type\":\"PropertyValueSpecification\",\"valueRequired\":true,\"valueName\":\"search_term_string\"}}],\"inLanguage\":\"de\"},{\"@type\":\"Organization\",\"@id\":\"https:\/\/shop.gardenvillagebled.com\/de\/#organization\",\"name\":\"Garden Village Bled Shop\",\"url\":\"https:\/\/shop.gardenvillagebled.com\/de\/\",\"logo\":{\"@type\":\"ImageObject\",\"inLanguage\":\"de\",\"@id\":\"https:\/\/shop.gardenvillagebled.com\/de\/#\/schema\/logo\/image\/\",\"url\":\"https:\/\/shop.gardenvillagebled.com\/wp-content\/uploads\/2025\/01\/Kelih-family-logo.png\",\"contentUrl\":\"https:\/\/shop.gardenvillagebled.com\/wp-content\/uploads\/2025\/01\/Kelih-family-logo.png\",\"width\":32,\"height\":32,\"caption\":\"Garden Village Bled Shop\"},\"image\":{\"@id\":\"https:\/\/shop.gardenvillagebled.com\/de\/#\/schema\/logo\/image\/\"},\"sameAs\":[\"https:\/\/www.facebook.com\/GardenVillageBledSlovenia\/\"]}]}<\/script>\n<!-- \/ Yoast SEO plugin. -->","yoast_head_json":{"title":"Garden Village Geschenkgutschein - Garden Village Bled - Get Yours Today","description":"\u00dcberraschen Sie Ihre Lieben mit einem Garden Village-Erlebnis - Luxusaufenthalte, Restaurants oder Wellnessangebote. Sofortige E-Mail und per Post verschickte Geschenkkarten inklusive!","robots":{"index":"index","follow":"follow","max-snippet":"max-snippet:-1","max-image-preview":"max-image-preview:large","max-video-preview":"max-video-preview:-1"},"canonical":"https:\/\/shop.gardenvillagebled.com\/de\/shop\/geschenkgutscheine\/garden-village-geschenkgutschein\/","og_locale":"de_DE","og_type":"article","og_title":"Garden Village Geschenkgutschein - Garden Village Bled - Get Yours Today","og_description":"\u00dcberraschen Sie Ihre Lieben mit einem Garden Village-Erlebnis - Luxusaufenthalte, Restaurants oder Wellnessangebote. Sofortige E-Mail und per Post verschickte Geschenkkarten inklusive!","og_url":"https:\/\/shop.gardenvillagebled.com\/de\/shop\/geschenkgutscheine\/garden-village-geschenkgutschein\/","og_site_name":"Garden Village Bled","article_publisher":"https:\/\/www.facebook.com\/GardenVillageBledSlovenia\/","article_modified_time":"2025-02-03T13:39:33+00:00","og_image":[{"width":400,"height":335,"url":"https:\/\/shop.gardenvillagebled.com\/wp-content\/uploads\/2025\/01\/boni-removebg-preview.webp","type":"image\/webp"}],"twitter_card":"summary_large_image","twitter_misc":{"Gesch\u00e4tzte Lesezeit":"1\u00a0Minute"},"schema":{"@context":"https:\/\/schema.org","@graph":[{"@type":"WebPage","@id":"https:\/\/shop.gardenvillagebled.com\/de\/shop\/geschenkgutscheine\/garden-village-geschenkgutschein\/","url":"https:\/\/shop.gardenvillagebled.com\/de\/shop\/geschenkgutscheine\/garden-village-geschenkgutschein\/","name":"Garden Village Geschenkgutschein - Garden Village Bled - Get Yours Today","isPartOf":{"@id":"https:\/\/shop.gardenvillagebled.com\/de\/#website"},"primaryImageOfPage":{"@id":"https:\/\/shop.gardenvillagebled.com\/de\/shop\/geschenkgutscheine\/garden-village-geschenkgutschein\/#primaryimage"},"image":{"@id":"https:\/\/shop.gardenvillagebled.com\/de\/shop\/geschenkgutscheine\/garden-village-geschenkgutschein\/#primaryimage"},"thumbnailUrl":"https:\/\/shop.gardenvillagebled.com\/wp-content\/uploads\/2025\/01\/boni-removebg-preview.webp","datePublished":"2025-01-14T07:41:51+00:00","dateModified":"2025-02-03T13:39:33+00:00","description":"\u00dcberraschen Sie Ihre Lieben mit einem Garden Village-Erlebnis - Luxusaufenthalte, Restaurants oder Wellnessangebote. Sofortige E-Mail und per Post verschickte Geschenkkarten inklusive!","breadcrumb":{"@id":"https:\/\/shop.gardenvillagebled.com\/de\/shop\/geschenkgutscheine\/garden-village-geschenkgutschein\/#breadcrumb"},"inLanguage":"de","potentialAction":[{"@type":"ReadAction","target":["https:\/\/shop.gardenvillagebled.com\/de\/shop\/geschenkgutscheine\/garden-village-geschenkgutschein\/"]}]},{"@type":"ImageObject","inLanguage":"de","@id":"https:\/\/shop.gardenvillagebled.com\/de\/shop\/geschenkgutscheine\/garden-village-geschenkgutschein\/#primaryimage","url":"https:\/\/shop.gardenvillagebled.com\/wp-content\/uploads\/2025\/01\/boni-removebg-preview.webp","contentUrl":"https:\/\/shop.gardenvillagebled.com\/wp-content\/uploads\/2025\/01\/boni-removebg-preview.webp","width":400,"height":335},{"@type":"BreadcrumbList","@id":"https:\/\/shop.gardenvillagebled.com\/de\/shop\/geschenkgutscheine\/garden-village-geschenkgutschein\/#breadcrumb","itemListElement":[{"@type":"ListItem","position":1,"name":"Home","item":"https:\/\/shop.gardenvillagebled.com\/de\/startseite\/"},{"@type":"ListItem","position":2,"name":"Shop","item":"https:\/\/shop.gardenvillagebled.com\/de\/shop\/"},{"@type":"ListItem","position":3,"name":"Garden Village Geschenkgutschein"}]},{"@type":"WebSite","@id":"https:\/\/shop.gardenvillagebled.com\/de\/#website","url":"https:\/\/shop.gardenvillagebled.com\/de\/","name":"Garden Village Bled Shop","description":"Friends with nature","publisher":{"@id":"https:\/\/shop.gardenvillagebled.com\/de\/#organization"},"potentialAction":[{"@type":"SearchAction","target":{"@type":"EntryPoint","urlTemplate":"https:\/\/shop.gardenvillagebled.com\/de\/?s={search_term_string}"},"query-input":{"@type":"PropertyValueSpecification","valueRequired":true,"valueName":"search_term_string"}}],"inLanguage":"de"},{"@type":"Organization","@id":"https:\/\/shop.gardenvillagebled.com\/de\/#organization","name":"Garden Village Bled Shop","url":"https:\/\/shop.gardenvillagebled.com\/de\/","logo":{"@type":"ImageObject","inLanguage":"de","@id":"https:\/\/shop.gardenvillagebled.com\/de\/#\/schema\/logo\/image\/","url":"https:\/\/shop.gardenvillagebled.com\/wp-content\/uploads\/2025\/01\/Kelih-family-logo.png","contentUrl":"https:\/\/shop.gardenvillagebled.com\/wp-content\/uploads\/2025\/01\/Kelih-family-logo.png","width":32,"height":32,"caption":"Garden Village Bled Shop"},"image":{"@id":"https:\/\/shop.gardenvillagebled.com\/de\/#\/schema\/logo\/image\/"},"sameAs":["https:\/\/www.facebook.com\/GardenVillageBledSlovenia\/"]}]}},"_links":{"self":[{"href":"https:\/\/shop.gardenvillagebled.com\/de\/wp-json\/wp\/v2\/product\/1718","targetHints":{"allow":["GET"]}}],"collection":[{"href":"https:\/\/shop.gardenvillagebled.com\/de\/wp-json\/wp\/v2\/product"}],"about":[{"href":"https:\/\/shop.gardenvillagebled.com\/de\/wp-json\/wp\/v2\/types\/product"}],"wp:featuredmedia":[{"embeddable":true,"href":"https:\/\/shop.gardenvillagebled.com\/de\/wp-json\/wp\/v2\/media\/960"}],"wp:attachment":[{"href":"https:\/\/shop.gardenvillagebled.com\/de\/wp-json\/wp\/v2\/media?parent=1718"}],"wp:term":[{"taxonomy":"product_brand","embeddable":true,"href":"https:\/\/shop.gardenvillagebled.com\/de\/wp-json\/wp\/v2\/product_brand?post=1718"},{"taxonomy":"product_cat","embeddable":true,"href":"https:\/\/shop.gardenvillagebled.com\/de\/wp-json\/wp\/v2\/product_cat?post=1718"},{"taxonomy":"product_tag","embeddable":true,"href":"https:\/\/shop.gardenvillagebled.com\/de\/wp-json\/wp\/v2\/product_tag?post=1718"}],"curies":[{"name":"wp","href":"https:\/\/api.w.org\/{rel}","templated":true}]}}