{"id":1969,"date":"2024-12-06T06:06:48","date_gmt":"2024-12-06T05:06:48","guid":{"rendered":"https:\/\/shop.gardenvillagebled.com\/politika-zasebnosti-in-piskotkov\/"},"modified":"2025-01-29T12:05:48","modified_gmt":"2025-01-29T11:05:48","slug":"politika-zasebnosti-in-piskotkov","status":"publish","type":"page","link":"https:\/\/shop.gardenvillagebled.com\/sl\/politika-zasebnosti-in-piskotkov\/","title":{"rendered":"Politika zasebnosti in pi\u0161kotkov"},"content":{"rendered":"\t\t<div data-elementor-type=\"wp-page\" data-elementor-id=\"1969\" class=\"elementor elementor-1969 elementor-3\" data-elementor-post-type=\"page\">\n\t\t\t\t<div class=\"elementor-element elementor-element-8dfec21 e-con-full e-flex e-con e-parent\" data-id=\"8dfec21\" data-element_type=\"container\" data-e-type=\"container\" data-settings=\"{&quot;background_background&quot;:&quot;classic&quot;}\">\n\t\t\t\t<\/div>\n\t\t<div class=\"elementor-element elementor-element-33a8afc container-l-r-padding e-flex e-con-boxed e-con e-parent\" data-id=\"33a8afc\" data-element_type=\"container\" data-e-type=\"container\">\n\t\t\t\t\t<div class=\"e-con-inner\">\n\t\t\t\t<div class=\"elementor-element elementor-element-117a486 elementor-widget elementor-widget-heading\" data-id=\"117a486\" data-element_type=\"widget\" data-e-type=\"widget\" data-widget_type=\"heading.default\">\n\t\t\t\t<div class=\"elementor-widget-container\">\n\t\t\t\t\t<h1 class=\"elementor-heading-title elementor-size-default\">Politika zasebnosti in pi\u0161kotkov<\/h1>\t\t\t\t<\/div>\n\t\t\t\t<\/div>\n\t\t\t\t<div class=\"elementor-element elementor-element-da483ff elementor-widget elementor-widget-text-editor\" data-id=\"da483ff\" data-element_type=\"widget\" data-e-type=\"widget\" data-widget_type=\"text-editor.default\">\n\t\t\t\t<div class=\"elementor-widget-container\">\n\t\t\t\t\t\t\t\t\t<div class=\"typo typo-v2 add-margin-bottom-20\">\n<p>Politika zasebnosti in pi\u0161kotkov velja za vsakogar, ki se \u0161teje za uporabnika in za celotno spletno stran, vklju\u010dno z vsemi njenimi podstranmi.<\/p>\n<p>Uporabnik je vsaka pravna ali fizi\u010dna oseba, ki uporablja ali obi\u0161\u010de spletno mesto <a href=\"http:\/\/shop.gardenvillagebled.com\/\">shop.gardenvillagebled.com<\/a> (v nadaljevanju: uporabnik).<\/p>\n<p>Stranka je vsaka pravna ali fizi\u010dna oseba, ki v skladu s Splo\u0161nimi pogoji, ki jih uporablja spletno mesto <a href=\"http:\/\/shop.gardenvillagebled.com\/\">www.gardenvillagebled.com<\/a>, sklene eno od pogodb (v nadaljevanju: stranka).<\/p>\n<p>Z uporabo spletnega mesta se uporabnik strinja s Politiko zasebnosti in pi\u0161kotkov spletnega mesta. Z nadaljnjo uporabo spletnega mesta se uporabnik strinja z vsemi spremembami spletnega mesta. <\/p>\n<h3> <\/h3>\n<h3>I. Varstvo osebnih podatkov<\/h3>\n<p>Podjetje Plantea d.o.o. spo\u0161tuje va\u0161o zasebnost in bo va\u0161e osebne podatke uporabljal izklju\u010dno za navedene namene. Va\u0161e osebne podatke bomo skrbno varovali v skladu z zakonom, ki ureja varstvo osebnih podatkov (Uredba (EU) 2016\/679 (GDPR) in Zakon o varstvu osebnih podatkov \u2013 ZVOP-1), Politiko zasebnosti in pi\u0161kotkov spletne strani ter internimi pravili, ki jih dolo\u010da s strani na\u0161ega In\u0161tituta. <\/p>\n<p><strong>1. Upravljavec osebnih podatkov<\/strong><\/p>\n<p>Upravljavec osebnih podatkov, ki se obdelujejo v skladu s Politiko zasebnosti in internim aktom, je Plantea doo, Cesta Gorenjskega odreda 16, 4260 Bled.<\/p>\n<p><strong>2. Poobla\u0161\u010dena oseba za varstvo podatkov<\/strong><\/p>\n<p>Poobla\u0161\u010dena oseba za varstvo podatkov v podjetju Plantea d.o.o. je Borut Kelih, ki ga lahko kontaktirate na elektronski naslov <a href=\"mailto:info@gardenvillagebled.com\">info@gardenvillagebled.com<\/a>.<\/p>\n<p><strong>3. Obdelovalec osebnih podatkov<\/strong><\/p>\n<p>Pogodbeni obdelovalec osebnih podatkov Plantea d.o.o. je podjetje Innovatif doo, Poljanski nasip 6, 1000 Ljubljana. Upravljavec in obdelovalec osebnih podatkov sta svoja razmerja in obveznosti opredelila s pisno pogodbo. <\/p>\n<p><strong>4. Prenos osebnih podatkov tretjim osebam ali tretjim dr\u017eavam.<\/strong><\/p>\n<p>Plantea d.o.o. does not transfer personal data to third parties or third countries.<\/p>\n<p>Edina izjema pri tem je po\u0161iljanje e-novic preko spletne platforme MailChimp, kjer se za namene po\u0161iljanja e-novic hranijo osebni podatki (imena, priimki, elektronski naslovi). MailChimpovi pogoji uporabe in njegova politika zasebnosti zagotavljajo skladnost s pravili Splo\u0161ne uredbe o varstvu podatkov (Uredba (EU) 2016\/679) in potrjujejo, da je MailChimp potrdil svojo pogodbo z EU-ZDA. Ogrodje zasebnostnega \u0161\u010dita.  <\/p>\n<p><strong>5. Vrste osebnih podatkov in namen obdelave osebnih podatkov<\/strong><\/p>\n<p>Podjetje Plantea d.o.o. obdeluje osebne podatke posameznikov na podlagi njihove privolitve ali na podlagi pogodbe.<\/p>\n<p><strong>5.1. Personal Data Processing on the Basis of Consent <\/strong><\/p>\n<p>Podjetje Plantea d.o.o. zbira in obdeluje osebne podatke posameznikov za namene po\u0161iljanja e-novic z informacijami o aktualni ponudbi, posebnih ugodnostih za stranke in drugih novicah v zvezi s turisti\u010dno-gastronomsko ponudbo letovi\u0161\u010da. dejavnosti, povezane s pija\u010do. Predmetne e-novice se po\u0161iljajo izklju\u010dno po elektronski po\u0161ti.  <\/p>\n<p>V ta namen podjetje Plantea d.o.o. zbira in obdeluje naslednje osebne podatke posameznikov: imena, priimke, elektronske naslove. <\/p>\n<p><strong>5.2. Personal Data Processing on the Basis of a Contract   <\/strong><\/p>\n<p>Podjetje Plantea d.o.o. zbira in obdeluje osebne podatke posameznikov na podlagi pogodbe o rezervaciji nastanitve, kot je opredeljeno v Splo\u0161nih pogojih.<\/p>\n<p>Osebni podatki, zbrani na tej podlagi, so potrebni za namene izpolnjevanja pogodbene obveznosti za opravljanje naro\u010dene storitve v sklopu vse ponudbe v resortu in za poprodajne aktivnosti, kot je na primer vpra\u0161anje zadovoljstva strank. <\/p>\n<p>V ta namen Plantea d.o.o. zbira in obdeluje naslednje osebne podatke posameznikov: ime, priimek, elektronski naslov, ulica, po\u0161tna \u0161tevilka, mesto, dr\u017eava. <\/p>\n<p>Podjetje Plantea d.o.o. ne zbira \u0161tevilk kreditnih kartic ali drugih podatkov o kreditnih karticah, ki jih kupec posreduje prek spletne strani. Tovrstne podatke zbirajo izklju\u010dno podjetja za obdelavo kreditnih kartic. <\/p>\n<p><strong>6. Varstvo osebnih podatkov<\/strong><\/p>\n<p>Za zagotovitev varstva osebnih podatkov Plantea d.o.o. izvaja vse potrebne pravne, organizacijske in ustrezne logisti\u010dno-tehni\u010dne postopke in ukrepe, bodisi sama preko internih pravil bodisi preko pogodbenih partnerjev.<\/p>\n<p><strong>7. Obdobje hrambe osebnih podatkov<\/strong><\/p>\n<p>Osebne podatke posameznika, pridobljene na podlagi njegove privolitve, lahko obdelujemo in hranimo do izpolnitve namena oziroma do preklica privolitve posameznika.<\/p>\n<p><strong>8. Pravice posameznikov<\/strong><\/p>\n<p>Posameznik ima v skladu z veljavno zakonodajo, ki ureja varstvo osebnih podatkov, pravico kadarkoli preklicati dano privolitev, zahtevati vpogled v podatke, popravek, omejitev obdelave osebnih podatkov ali izbris osebnih podatkov, prenosljivost podatkov ali pravico do ugovora tako, da nas o tem pisno obvestite z dopisom, ki ga po\u0161ljete na naslov Plantea doo, Cesta Gorenjskega odreda 16, 4260 Bled, ali po elektronski po\u0161ti. <a href=\"mailto:info@gardenvillagebled.com\">info@gardenvillagebled.com<\/a>. Posamezniki lahko vlo\u017eijo tudi prito\u017ebo v zvezi z obdelavo svojih osebnih podatkov in jo naslovijo na zgoraj navedeni naslov. <\/p>\n<p>Posameznik lahko vlo\u017ei prito\u017ebo v zvezi z obdelavo njegovih osebnih podatkov tudi neposredno pri pristojnem nadzornem organu, to je Informacijskemu poobla\u0161\u010dencu Republike Slovenije.<\/p>\n<p><strong>9. Kr\u0161itve varstva osebnih podatkov<\/strong><\/p>\n<p>V primeru kr\u0161itev varstva osebnih podatkov Plantea d.o.o. bo sproti izvajal vse notranje in zunanje ukrepe (tehni\u010dne, organizacijske) za za\u0161\u010dito pravic in interesov posameznikov. O tem bo obve\u0161\u010den vsak izmed prizadetih oseb in pristojni nadzorni organ v Republiki Sloveniji. <\/p>\n<h3> <\/h3>\n<h3>II. Politika pi\u0161kotkov<\/h3>\n<p>Pi\u0161kotki so majhne besedilne datoteke, ki se uporabljajo na spletni strani za u\u010dinkovitej\u0161o uporabni\u0161ko izku\u0161njo.<\/p>\n<p>Po zakonu se pi\u0161kotki lahko shranijo v va\u0161o napravo, \u010de so nujno potrebni za delovanje spletne strani. Za vse druge vrste pi\u0161kotkov je potrebno va\u0161e soglasje. <\/p>\n<p>Ta spletna stran uporablja razli\u010dne vrste pi\u0161kotkov. Nekateri pi\u0161kotki se uporabljajo na zahtevo tretjih oseb, ki se pojavljajo na na\u0161i strani. <\/p>\n<p>Za zagotovitev, da so na voljo vse funkcije spletnega mesta, se uporabljajo naslednji pi\u0161kotki:<\/p>\n<p>Strogo potrebni pi\u0161kotki so potrebni, saj omogo\u010dajo delovanje spletnega mesta, saj omogo\u010dajo osnovne funkcije, kot sta navigacija po straneh in dostop do varnih obmo\u010dij spletnega mesta. Brez teh pi\u0161kotkov spletno mesto ne more pravilno delovati. <\/p>\n<p>Statisti\u010dni pi\u0161kotki so potrebni za sledenje obiskom spletne strani z namenom izbolj\u0161anja uporabni\u0161ke izku\u0161nje.<\/p>\n<p>Marketin\u0161ki pi\u0161kotki anonimno zbirajo podatke o obiskih va\u0161e spletne strani. Njihov namen je prikazovanje oglasov, ki so relevantni in zanimivi za posamezne uporabnike. <\/p>\n<p>Natan\u010den opis in rok veljavnosti vsakega pi\u0161kotka je podan v spodnji tabeli. <\/p>\n<\/div>\n<div class=\"typo\">\n<h3> <\/h3>\n<h3>Nastavitve pi\u0161kotkov<\/h3>\n<\/div>\n<div class=\"typo typo-v2 add-margin-bottom-20\">\n<p>&nbsp;<\/p>\n<script type=\"text\/javascript\" charset=\"UTF-8\" data-cookiescriptreport=\"report\" src=\"\/\/report.cookie-script.com\/r\/aae3762d87d3ec65f94c9c27673c7011.js\"><\/script>\n<p><strong>Validity<\/strong><\/p>\n<p>Politika zasebnosti in pi\u0161kotkov na spletnem mestu <a href=\"http:\/\/shop.gardenvillagebled.com\/\">shop.gardenvillagebled.com<\/a> bo po potrebi spremenjena in posodobljena. O tem boste ustrezno obve\u0161\u010deni. <\/p>\n<p>Politika je objavljena na spletni strani <a href=\"http:\/\/shop.gardenvillagebled.com\/\">shop.gardenvillagebled.com<\/a>. Veljati je za\u010del 20. januarja 2020.  <\/p>\n<\/div>\t\t\t\t\t\t\t\t<\/div>\n\t\t\t\t<\/div>\n\t\t\t\t\t<\/div>\n\t\t\t\t<\/div>\n\t\t\t\t<\/div>\n\t\t","protected":false},"excerpt":{"rendered":"<p>Politika zasebnosti in pi\u0161kotkov Politika zasebnosti in pi\u0161kotkov velja za vsakogar, ki se \u0161teje za uporabnika in za celotno spletno stran, vklju\u010dno z vsemi njenimi podstranmi. Uporabnik je vsaka pravna ali fizi\u010dna oseba, ki uporablja ali obi\u0161\u010de spletno mesto shop.gardenvillagebled.com (v nadaljevanju: uporabnik). Stranka je vsaka pravna ali fizi\u010dna oseba, ki v skladu s Splo\u0161nimi [&hellip;]<\/p>\n","protected":false},"author":1,"featured_media":0,"parent":0,"menu_order":0,"comment_status":"closed","ping_status":"closed","template":"","meta":{"footnotes":""},"class_list":["post-1969","page","type-page","status-publish","hentry"],"yoast_head":"<!-- This site is optimized with the Yoast SEO plugin v26.9 - https:\/\/yoast.com\/product\/yoast-seo-wordpress\/ -->\n<title>Politika zasebnosti in pi\u0161kotkov - Garden Village Bled - Varovanje va\u0161ih podatkov<\/title>\n<meta name=\"description\" content=\"Preberite na\u0161 pravilnik o zasebnosti, \u010de \u017eelite razumeti, kako varujemo va\u0161e osebne podatke in zagotavljamo va\u0161o zasebnost v trgovini Garden Village Bled.\" \/>\n<meta name=\"robots\" content=\"index, follow, max-snippet:-1, max-image-preview:large, max-video-preview:-1\" \/>\n<link rel=\"canonical\" href=\"https:\/\/shop.gardenvillagebled.com\/sl\/politika-zasebnosti-in-piskotkov\/\" \/>\n<meta property=\"og:locale\" content=\"sl_SI\" \/>\n<meta property=\"og:type\" content=\"article\" \/>\n<meta property=\"og:title\" content=\"Politika zasebnosti in pi\u0161kotkov - Garden Village Bled - Varovanje va\u0161ih podatkov\" \/>\n<meta property=\"og:description\" content=\"Preberite na\u0161 pravilnik o zasebnosti, \u010de \u017eelite razumeti, kako varujemo va\u0161e osebne podatke in zagotavljamo va\u0161o zasebnost v trgovini Garden Village Bled.\" \/>\n<meta property=\"og:url\" content=\"https:\/\/shop.gardenvillagebled.com\/sl\/politika-zasebnosti-in-piskotkov\/\" \/>\n<meta property=\"og:site_name\" content=\"Garden Village Bled\" \/>\n<meta property=\"article:publisher\" content=\"https:\/\/www.facebook.com\/GardenVillageBledSlovenia\/\" \/>\n<meta property=\"article:modified_time\" content=\"2025-01-29T11:05:48+00:00\" \/>\n<meta property=\"og:image\" content=\"https:\/\/shop.gardenvillagebled.com\/wp-content\/uploads\/2024\/12\/Nocna-Vincek-home-1.webp\" \/>\n\t<meta property=\"og:image:width\" content=\"1920\" \/>\n\t<meta property=\"og:image:height\" content=\"1080\" \/>\n\t<meta property=\"og:image:type\" content=\"image\/webp\" \/>\n<meta name=\"twitter:card\" content=\"summary_large_image\" \/>\n<meta name=\"twitter:label1\" content=\"Est. reading time\" \/>\n\t<meta name=\"twitter:data1\" content=\"9 minut\" \/>\n<script type=\"application\/ld+json\" class=\"yoast-schema-graph\">{\"@context\":\"https:\/\/schema.org\",\"@graph\":[{\"@type\":\"WebPage\",\"@id\":\"https:\/\/shop.gardenvillagebled.com\/sl\/politika-zasebnosti-in-piskotkov\/\",\"url\":\"https:\/\/shop.gardenvillagebled.com\/sl\/politika-zasebnosti-in-piskotkov\/\",\"name\":\"Politika zasebnosti in pi\u0161kotkov - Garden Village Bled - Varovanje va\u0161ih podatkov\",\"isPartOf\":{\"@id\":\"https:\/\/shop.gardenvillagebled.com\/sl\/#website\"},\"datePublished\":\"2024-12-06T05:06:48+00:00\",\"dateModified\":\"2025-01-29T11:05:48+00:00\",\"description\":\"Preberite na\u0161 pravilnik o zasebnosti, \u010de \u017eelite razumeti, kako varujemo va\u0161e osebne podatke in zagotavljamo va\u0161o zasebnost v trgovini Garden Village Bled.\",\"breadcrumb\":{\"@id\":\"https:\/\/shop.gardenvillagebled.com\/sl\/politika-zasebnosti-in-piskotkov\/#breadcrumb\"},\"inLanguage\":\"sl-SI\",\"potentialAction\":[{\"@type\":\"ReadAction\",\"target\":[\"https:\/\/shop.gardenvillagebled.com\/sl\/politika-zasebnosti-in-piskotkov\/\"]}]},{\"@type\":\"BreadcrumbList\",\"@id\":\"https:\/\/shop.gardenvillagebled.com\/sl\/politika-zasebnosti-in-piskotkov\/#breadcrumb\",\"itemListElement\":[{\"@type\":\"ListItem\",\"position\":1,\"name\":\"Home\",\"item\":\"https:\/\/shop.gardenvillagebled.com\/sl\/domov\/\"},{\"@type\":\"ListItem\",\"position\":2,\"name\":\"Politika zasebnosti in pi\u0161kotkov\"}]},{\"@type\":\"WebSite\",\"@id\":\"https:\/\/shop.gardenvillagebled.com\/sl\/#website\",\"url\":\"https:\/\/shop.gardenvillagebled.com\/sl\/\",\"name\":\"Garden Village Bled Shop\",\"description\":\"Friends with nature\",\"publisher\":{\"@id\":\"https:\/\/shop.gardenvillagebled.com\/sl\/#organization\"},\"potentialAction\":[{\"@type\":\"SearchAction\",\"target\":{\"@type\":\"EntryPoint\",\"urlTemplate\":\"https:\/\/shop.gardenvillagebled.com\/sl\/?s={search_term_string}\"},\"query-input\":{\"@type\":\"PropertyValueSpecification\",\"valueRequired\":true,\"valueName\":\"search_term_string\"}}],\"inLanguage\":\"sl-SI\"},{\"@type\":\"Organization\",\"@id\":\"https:\/\/shop.gardenvillagebled.com\/sl\/#organization\",\"name\":\"Garden Village Bled Shop\",\"url\":\"https:\/\/shop.gardenvillagebled.com\/sl\/\",\"logo\":{\"@type\":\"ImageObject\",\"inLanguage\":\"sl-SI\",\"@id\":\"https:\/\/shop.gardenvillagebled.com\/sl\/#\/schema\/logo\/image\/\",\"url\":\"https:\/\/shop.gardenvillagebled.com\/wp-content\/uploads\/2025\/01\/Kelih-family-logo.png\",\"contentUrl\":\"https:\/\/shop.gardenvillagebled.com\/wp-content\/uploads\/2025\/01\/Kelih-family-logo.png\",\"width\":32,\"height\":32,\"caption\":\"Garden Village Bled Shop\"},\"image\":{\"@id\":\"https:\/\/shop.gardenvillagebled.com\/sl\/#\/schema\/logo\/image\/\"},\"sameAs\":[\"https:\/\/www.facebook.com\/GardenVillageBledSlovenia\/\"]}]}<\/script>\n<!-- \/ Yoast SEO plugin. -->","yoast_head_json":{"title":"Politika zasebnosti in pi\u0161kotkov - Garden Village Bled - Varovanje va\u0161ih podatkov","description":"Preberite na\u0161 pravilnik o zasebnosti, \u010de \u017eelite razumeti, kako varujemo va\u0161e osebne podatke in zagotavljamo va\u0161o zasebnost v trgovini Garden Village Bled.","robots":{"index":"index","follow":"follow","max-snippet":"max-snippet:-1","max-image-preview":"max-image-preview:large","max-video-preview":"max-video-preview:-1"},"canonical":"https:\/\/shop.gardenvillagebled.com\/sl\/politika-zasebnosti-in-piskotkov\/","og_locale":"sl_SI","og_type":"article","og_title":"Politika zasebnosti in pi\u0161kotkov - Garden Village Bled - Varovanje va\u0161ih podatkov","og_description":"Preberite na\u0161 pravilnik o zasebnosti, \u010de \u017eelite razumeti, kako varujemo va\u0161e osebne podatke in zagotavljamo va\u0161o zasebnost v trgovini Garden Village Bled.","og_url":"https:\/\/shop.gardenvillagebled.com\/sl\/politika-zasebnosti-in-piskotkov\/","og_site_name":"Garden Village Bled","article_publisher":"https:\/\/www.facebook.com\/GardenVillageBledSlovenia\/","article_modified_time":"2025-01-29T11:05:48+00:00","og_image":[{"width":1920,"height":1080,"url":"https:\/\/shop.gardenvillagebled.com\/wp-content\/uploads\/2024\/12\/Nocna-Vincek-home-1.webp","type":"image\/webp"}],"twitter_card":"summary_large_image","twitter_misc":{"Est. reading time":"9 minut"},"schema":{"@context":"https:\/\/schema.org","@graph":[{"@type":"WebPage","@id":"https:\/\/shop.gardenvillagebled.com\/sl\/politika-zasebnosti-in-piskotkov\/","url":"https:\/\/shop.gardenvillagebled.com\/sl\/politika-zasebnosti-in-piskotkov\/","name":"Politika zasebnosti in pi\u0161kotkov - Garden Village Bled - Varovanje va\u0161ih podatkov","isPartOf":{"@id":"https:\/\/shop.gardenvillagebled.com\/sl\/#website"},"datePublished":"2024-12-06T05:06:48+00:00","dateModified":"2025-01-29T11:05:48+00:00","description":"Preberite na\u0161 pravilnik o zasebnosti, \u010de \u017eelite razumeti, kako varujemo va\u0161e osebne podatke in zagotavljamo va\u0161o zasebnost v trgovini Garden Village Bled.","breadcrumb":{"@id":"https:\/\/shop.gardenvillagebled.com\/sl\/politika-zasebnosti-in-piskotkov\/#breadcrumb"},"inLanguage":"sl-SI","potentialAction":[{"@type":"ReadAction","target":["https:\/\/shop.gardenvillagebled.com\/sl\/politika-zasebnosti-in-piskotkov\/"]}]},{"@type":"BreadcrumbList","@id":"https:\/\/shop.gardenvillagebled.com\/sl\/politika-zasebnosti-in-piskotkov\/#breadcrumb","itemListElement":[{"@type":"ListItem","position":1,"name":"Home","item":"https:\/\/shop.gardenvillagebled.com\/sl\/domov\/"},{"@type":"ListItem","position":2,"name":"Politika zasebnosti in pi\u0161kotkov"}]},{"@type":"WebSite","@id":"https:\/\/shop.gardenvillagebled.com\/sl\/#website","url":"https:\/\/shop.gardenvillagebled.com\/sl\/","name":"Garden Village Bled Shop","description":"Friends with nature","publisher":{"@id":"https:\/\/shop.gardenvillagebled.com\/sl\/#organization"},"potentialAction":[{"@type":"SearchAction","target":{"@type":"EntryPoint","urlTemplate":"https:\/\/shop.gardenvillagebled.com\/sl\/?s={search_term_string}"},"query-input":{"@type":"PropertyValueSpecification","valueRequired":true,"valueName":"search_term_string"}}],"inLanguage":"sl-SI"},{"@type":"Organization","@id":"https:\/\/shop.gardenvillagebled.com\/sl\/#organization","name":"Garden Village Bled Shop","url":"https:\/\/shop.gardenvillagebled.com\/sl\/","logo":{"@type":"ImageObject","inLanguage":"sl-SI","@id":"https:\/\/shop.gardenvillagebled.com\/sl\/#\/schema\/logo\/image\/","url":"https:\/\/shop.gardenvillagebled.com\/wp-content\/uploads\/2025\/01\/Kelih-family-logo.png","contentUrl":"https:\/\/shop.gardenvillagebled.com\/wp-content\/uploads\/2025\/01\/Kelih-family-logo.png","width":32,"height":32,"caption":"Garden Village Bled Shop"},"image":{"@id":"https:\/\/shop.gardenvillagebled.com\/sl\/#\/schema\/logo\/image\/"},"sameAs":["https:\/\/www.facebook.com\/GardenVillageBledSlovenia\/"]}]}},"_links":{"self":[{"href":"https:\/\/shop.gardenvillagebled.com\/sl\/wp-json\/wp\/v2\/pages\/1969","targetHints":{"allow":["GET"]}}],"collection":[{"href":"https:\/\/shop.gardenvillagebled.com\/sl\/wp-json\/wp\/v2\/pages"}],"about":[{"href":"https:\/\/shop.gardenvillagebled.com\/sl\/wp-json\/wp\/v2\/types\/page"}],"author":[{"embeddable":true,"href":"https:\/\/shop.gardenvillagebled.com\/sl\/wp-json\/wp\/v2\/users\/1"}],"replies":[{"embeddable":true,"href":"https:\/\/shop.gardenvillagebled.com\/sl\/wp-json\/wp\/v2\/comments?post=1969"}],"version-history":[{"count":4,"href":"https:\/\/shop.gardenvillagebled.com\/sl\/wp-json\/wp\/v2\/pages\/1969\/revisions"}],"predecessor-version":[{"id":1973,"href":"https:\/\/shop.gardenvillagebled.com\/sl\/wp-json\/wp\/v2\/pages\/1969\/revisions\/1973"}],"wp:attachment":[{"href":"https:\/\/shop.gardenvillagebled.com\/sl\/wp-json\/wp\/v2\/media?parent=1969"}],"curies":[{"name":"wp","href":"https:\/\/api.w.org\/{rel}","templated":true}]}}