{"id":556,"date":"2024-12-06T06:16:51","date_gmt":"2024-12-06T05:16:51","guid":{"rendered":"https:\/\/www.shop-gardenvillagebled.forwardapps.si\/cart\/"},"modified":"2025-01-27T11:41:38","modified_gmt":"2025-01-27T10:41:38","slug":"cart","status":"publish","type":"page","link":"https:\/\/shop.gardenvillagebled.com\/sl\/cart\/","title":{"rendered":"Vozi\u010dek"},"content":{"rendered":"\t\t<div data-elementor-type=\"wp-page\" data-elementor-id=\"556\" class=\"elementor elementor-556 elementor-15\" data-elementor-post-type=\"page\">\n\t\t\t\t<div class=\"elementor-element elementor-element-e115c9c e-flex e-con-boxed e-con e-parent\" data-id=\"e115c9c\" data-element_type=\"container\" data-e-type=\"container\" data-settings=\"{&quot;background_background&quot;:&quot;classic&quot;}\">\n\t\t\t\t\t<div class=\"e-con-inner\">\n\t\t\t\t<div class=\"elementor-element elementor-element-557efc3 elementor-widget elementor-widget-heading\" data-id=\"557efc3\" data-element_type=\"widget\" data-e-type=\"widget\" data-widget_type=\"heading.default\">\n\t\t\t\t<div class=\"elementor-widget-container\">\n\t\t\t\t\t<h1 class=\"elementor-heading-title elementor-size-default\">Vozi\u010dek<\/h1>\t\t\t\t<\/div>\n\t\t\t\t<\/div>\n\t\t\t\t<div class=\"elementor-element elementor-element-2506ab2 elementor-widget elementor-widget-woocommerce-breadcrumb\" data-id=\"2506ab2\" data-element_type=\"widget\" data-e-type=\"widget\" data-widget_type=\"woocommerce-breadcrumb.default\">\n\t\t\t\t<div class=\"elementor-widget-container\">\n\t\t\t\t\t<nav class=\"woocommerce-breadcrumb\" aria-label=\"Breadcrumb\">Domov<\/nav>\t\t\t\t<\/div>\n\t\t\t\t<\/div>\n\t\t\t\t\t<\/div>\n\t\t\t\t<\/div>\n\t\t<div class=\"elementor-element elementor-element-28441567 e-flex e-con-boxed e-con e-parent\" data-id=\"28441567\" data-element_type=\"container\" data-e-type=\"container\">\n\t\t\t\t\t<div class=\"e-con-inner\">\n\t\t\t\t<div class=\"elementor-element elementor-element-f8939ab e-cart-layout-two-column elementor-widget elementor-widget-woocommerce-cart\" data-id=\"f8939ab\" data-element_type=\"widget\" data-e-type=\"widget\" data-settings=\"{&quot;update_cart_automatically&quot;:&quot;yes&quot;}\" data-widget_type=\"woocommerce-cart.default\">\n\t\t\t\t<div class=\"elementor-widget-container\">\n\t\t\t\t\t<div class=\"woocommerce\"><div class=\"woocommerce-notices-wrapper\"><\/div><div class=\"wc-empty-cart-message\">\n\t<div class=\"cart-empty woocommerce-info\" role=\"status\">\n\t\tVa\u0161a ko\u0161arica je trenutno prazna.\t<\/div>\n<\/div>\t<p class=\"return-to-shop\">\n\t\t<a class=\"button wc-backward\" href=\"https:\/\/shop.gardenvillagebled.com\/sl\/trgovina\/\">\n\t\t\tNazaj v trgovino\t\t<\/a>\n\t<\/p>\n<\/div>\t\t\t\t<\/div>\n\t\t\t\t<\/div>\n\t\t\t\t\t<\/div>\n\t\t\t\t<\/div>\n\t\t\t\t<\/div>\n\t\t","protected":false},"excerpt":{"rendered":"<p>Your cart is currently empty. Return to shop<\/p>\n","protected":false},"author":1,"featured_media":0,"parent":0,"menu_order":0,"comment_status":"closed","ping_status":"closed","template":"elementor_header_footer","meta":{"footnotes":""},"class_list":["post-556","page","type-page","status-publish","hentry"],"yoast_head":"<!-- This site is optimized with the Yoast SEO plugin v26.9 - https:\/\/yoast.com\/product\/yoast-seo-wordpress\/ -->\n<title>Vozi\u010dek - Garden Village Bled- Pregled izbranih izdelkov<\/title>\n<meta name=\"description\" content=\"Ogled in upravljanje artiklov v va\u0161i ko\u0161arici v trgovini Garden Village Bled. Pripravite naravne izdelke za nakup \u0161e danes!\" \/>\n<meta name=\"robots\" content=\"index, follow, max-snippet:-1, max-image-preview:large, max-video-preview:-1\" \/>\n<link rel=\"canonical\" href=\"https:\/\/shop.gardenvillagebled.com\/sl\/cart\/\" \/>\n<meta property=\"og:locale\" content=\"sl_SI\" \/>\n<meta property=\"og:type\" content=\"article\" \/>\n<meta property=\"og:title\" content=\"Vozi\u010dek - Garden Village Bled- Pregled izbranih izdelkov\" \/>\n<meta property=\"og:description\" content=\"Ogled in upravljanje artiklov v va\u0161i ko\u0161arici v trgovini Garden Village Bled. Pripravite naravne izdelke za nakup \u0161e danes!\" \/>\n<meta property=\"og:url\" content=\"https:\/\/shop.gardenvillagebled.com\/sl\/cart\/\" \/>\n<meta property=\"og:site_name\" content=\"Garden Village Bled\" \/>\n<meta property=\"article:publisher\" content=\"https:\/\/www.facebook.com\/GardenVillageBledSlovenia\/\" \/>\n<meta property=\"article:modified_time\" content=\"2025-01-27T10:41:38+00:00\" \/>\n<meta property=\"og:image\" content=\"https:\/\/shop.gardenvillagebled.com\/wp-content\/uploads\/2024\/12\/Nocna-Vincek-home-1.webp\" \/>\n\t<meta property=\"og:image:width\" content=\"1920\" \/>\n\t<meta property=\"og:image:height\" content=\"1080\" \/>\n\t<meta property=\"og:image:type\" content=\"image\/webp\" \/>\n<meta name=\"twitter:card\" content=\"summary_large_image\" \/>\n<script type=\"application\/ld+json\" class=\"yoast-schema-graph\">{\"@context\":\"https:\/\/schema.org\",\"@graph\":[{\"@type\":\"WebPage\",\"@id\":\"https:\/\/shop.gardenvillagebled.com\/sl\/cart\/\",\"url\":\"https:\/\/shop.gardenvillagebled.com\/sl\/cart\/\",\"name\":\"Vozi\u010dek - Garden Village Bled- Pregled izbranih izdelkov\",\"isPartOf\":{\"@id\":\"https:\/\/shop.gardenvillagebled.com\/sl\/#website\"},\"datePublished\":\"2024-12-06T05:16:51+00:00\",\"dateModified\":\"2025-01-27T10:41:38+00:00\",\"description\":\"Ogled in upravljanje artiklov v va\u0161i ko\u0161arici v trgovini Garden Village Bled. Pripravite naravne izdelke za nakup \u0161e danes!\",\"breadcrumb\":{\"@id\":\"https:\/\/shop.gardenvillagebled.com\/sl\/cart\/#breadcrumb\"},\"inLanguage\":\"sl-SI\",\"potentialAction\":[{\"@type\":\"ReadAction\",\"target\":[\"https:\/\/shop.gardenvillagebled.com\/sl\/cart\/\"]}]},{\"@type\":\"BreadcrumbList\",\"@id\":\"https:\/\/shop.gardenvillagebled.com\/sl\/cart\/#breadcrumb\",\"itemListElement\":[{\"@type\":\"ListItem\",\"position\":1,\"name\":\"Home\",\"item\":\"https:\/\/shop.gardenvillagebled.com\/sl\/domov\/\"},{\"@type\":\"ListItem\",\"position\":2,\"name\":\"Vozi\u010dek\"}]},{\"@type\":\"WebSite\",\"@id\":\"https:\/\/shop.gardenvillagebled.com\/sl\/#website\",\"url\":\"https:\/\/shop.gardenvillagebled.com\/sl\/\",\"name\":\"Garden Village Bled Shop\",\"description\":\"Friends with nature\",\"publisher\":{\"@id\":\"https:\/\/shop.gardenvillagebled.com\/sl\/#organization\"},\"potentialAction\":[{\"@type\":\"SearchAction\",\"target\":{\"@type\":\"EntryPoint\",\"urlTemplate\":\"https:\/\/shop.gardenvillagebled.com\/sl\/?s={search_term_string}\"},\"query-input\":{\"@type\":\"PropertyValueSpecification\",\"valueRequired\":true,\"valueName\":\"search_term_string\"}}],\"inLanguage\":\"sl-SI\"},{\"@type\":\"Organization\",\"@id\":\"https:\/\/shop.gardenvillagebled.com\/sl\/#organization\",\"name\":\"Garden Village Bled Shop\",\"url\":\"https:\/\/shop.gardenvillagebled.com\/sl\/\",\"logo\":{\"@type\":\"ImageObject\",\"inLanguage\":\"sl-SI\",\"@id\":\"https:\/\/shop.gardenvillagebled.com\/sl\/#\/schema\/logo\/image\/\",\"url\":\"https:\/\/shop.gardenvillagebled.com\/wp-content\/uploads\/2025\/01\/Kelih-family-logo.png\",\"contentUrl\":\"https:\/\/shop.gardenvillagebled.com\/wp-content\/uploads\/2025\/01\/Kelih-family-logo.png\",\"width\":32,\"height\":32,\"caption\":\"Garden Village Bled Shop\"},\"image\":{\"@id\":\"https:\/\/shop.gardenvillagebled.com\/sl\/#\/schema\/logo\/image\/\"},\"sameAs\":[\"https:\/\/www.facebook.com\/GardenVillageBledSlovenia\/\"]}]}<\/script>\n<!-- \/ Yoast SEO plugin. -->","yoast_head_json":{"title":"Vozi\u010dek - Garden Village Bled- Pregled izbranih izdelkov","description":"Ogled in upravljanje artiklov v va\u0161i ko\u0161arici v trgovini Garden Village Bled. Pripravite naravne izdelke za nakup \u0161e danes!","robots":{"index":"index","follow":"follow","max-snippet":"max-snippet:-1","max-image-preview":"max-image-preview:large","max-video-preview":"max-video-preview:-1"},"canonical":"https:\/\/shop.gardenvillagebled.com\/sl\/cart\/","og_locale":"sl_SI","og_type":"article","og_title":"Vozi\u010dek - Garden Village Bled- Pregled izbranih izdelkov","og_description":"Ogled in upravljanje artiklov v va\u0161i ko\u0161arici v trgovini Garden Village Bled. Pripravite naravne izdelke za nakup \u0161e danes!","og_url":"https:\/\/shop.gardenvillagebled.com\/sl\/cart\/","og_site_name":"Garden Village Bled","article_publisher":"https:\/\/www.facebook.com\/GardenVillageBledSlovenia\/","article_modified_time":"2025-01-27T10:41:38+00:00","og_image":[{"width":1920,"height":1080,"url":"https:\/\/shop.gardenvillagebled.com\/wp-content\/uploads\/2024\/12\/Nocna-Vincek-home-1.webp","type":"image\/webp"}],"twitter_card":"summary_large_image","schema":{"@context":"https:\/\/schema.org","@graph":[{"@type":"WebPage","@id":"https:\/\/shop.gardenvillagebled.com\/sl\/cart\/","url":"https:\/\/shop.gardenvillagebled.com\/sl\/cart\/","name":"Vozi\u010dek - Garden Village Bled- Pregled izbranih izdelkov","isPartOf":{"@id":"https:\/\/shop.gardenvillagebled.com\/sl\/#website"},"datePublished":"2024-12-06T05:16:51+00:00","dateModified":"2025-01-27T10:41:38+00:00","description":"Ogled in upravljanje artiklov v va\u0161i ko\u0161arici v trgovini Garden Village Bled. Pripravite naravne izdelke za nakup \u0161e danes!","breadcrumb":{"@id":"https:\/\/shop.gardenvillagebled.com\/sl\/cart\/#breadcrumb"},"inLanguage":"sl-SI","potentialAction":[{"@type":"ReadAction","target":["https:\/\/shop.gardenvillagebled.com\/sl\/cart\/"]}]},{"@type":"BreadcrumbList","@id":"https:\/\/shop.gardenvillagebled.com\/sl\/cart\/#breadcrumb","itemListElement":[{"@type":"ListItem","position":1,"name":"Home","item":"https:\/\/shop.gardenvillagebled.com\/sl\/domov\/"},{"@type":"ListItem","position":2,"name":"Vozi\u010dek"}]},{"@type":"WebSite","@id":"https:\/\/shop.gardenvillagebled.com\/sl\/#website","url":"https:\/\/shop.gardenvillagebled.com\/sl\/","name":"Garden Village Bled Shop","description":"Friends with nature","publisher":{"@id":"https:\/\/shop.gardenvillagebled.com\/sl\/#organization"},"potentialAction":[{"@type":"SearchAction","target":{"@type":"EntryPoint","urlTemplate":"https:\/\/shop.gardenvillagebled.com\/sl\/?s={search_term_string}"},"query-input":{"@type":"PropertyValueSpecification","valueRequired":true,"valueName":"search_term_string"}}],"inLanguage":"sl-SI"},{"@type":"Organization","@id":"https:\/\/shop.gardenvillagebled.com\/sl\/#organization","name":"Garden Village Bled Shop","url":"https:\/\/shop.gardenvillagebled.com\/sl\/","logo":{"@type":"ImageObject","inLanguage":"sl-SI","@id":"https:\/\/shop.gardenvillagebled.com\/sl\/#\/schema\/logo\/image\/","url":"https:\/\/shop.gardenvillagebled.com\/wp-content\/uploads\/2025\/01\/Kelih-family-logo.png","contentUrl":"https:\/\/shop.gardenvillagebled.com\/wp-content\/uploads\/2025\/01\/Kelih-family-logo.png","width":32,"height":32,"caption":"Garden Village Bled Shop"},"image":{"@id":"https:\/\/shop.gardenvillagebled.com\/sl\/#\/schema\/logo\/image\/"},"sameAs":["https:\/\/www.facebook.com\/GardenVillageBledSlovenia\/"]}]}},"_links":{"self":[{"href":"https:\/\/shop.gardenvillagebled.com\/sl\/wp-json\/wp\/v2\/pages\/556","targetHints":{"allow":["GET"]}}],"collection":[{"href":"https:\/\/shop.gardenvillagebled.com\/sl\/wp-json\/wp\/v2\/pages"}],"about":[{"href":"https:\/\/shop.gardenvillagebled.com\/sl\/wp-json\/wp\/v2\/types\/page"}],"author":[{"embeddable":true,"href":"https:\/\/shop.gardenvillagebled.com\/sl\/wp-json\/wp\/v2\/users\/1"}],"replies":[{"embeddable":true,"href":"https:\/\/shop.gardenvillagebled.com\/sl\/wp-json\/wp\/v2\/comments?post=556"}],"version-history":[{"count":7,"href":"https:\/\/shop.gardenvillagebled.com\/sl\/wp-json\/wp\/v2\/pages\/556\/revisions"}],"predecessor-version":[{"id":1863,"href":"https:\/\/shop.gardenvillagebled.com\/sl\/wp-json\/wp\/v2\/pages\/556\/revisions\/1863"}],"wp:attachment":[{"href":"https:\/\/shop.gardenvillagebled.com\/sl\/wp-json\/wp\/v2\/media?parent=556"}],"curies":[{"name":"wp","href":"https:\/\/api.w.org\/{rel}","templated":true}]}}