{"id":1633,"date":"2025-01-21T09:49:46","date_gmt":"2025-01-21T08:49:46","guid":{"rendered":"https:\/\/www.shop-gardenvillagebled.forwardapps.si\/shop\/nekategorizirano\/kapica-z-vizirjem\/"},"modified":"2025-01-21T11:58:14","modified_gmt":"2025-01-21T10:58:14","slug":"kapica-z-vizirjem","status":"publish","type":"product","link":"https:\/\/shop.gardenvillagebled.com\/sl\/shop\/oblacila\/kapica-z-vizirjem\/","title":{"rendered":"Kapica z vizirjem"},"content":{"rendered":"<p>Uniseks kapica z vizirjem in logotipom Garden Restavracije.<\/p>\n","protected":false},"excerpt":{"rendered":"<p>Uniseks kapica z vizirjem in logotipom Garden Restavracije.<\/p>\n","protected":false},"featured_media":1498,"template":"","meta":[],"product_brand":[],"product_cat":[56],"product_tag":[],"class_list":{"0":"post-1633","1":"product","2":"type-product","3":"status-publish","4":"has-post-thumbnail","6":"product_cat-oblacila","7":"product_shipping_class-do-2-kg-sl","9":"first","10":"instock","11":"taxable","12":"shipping-taxable","13":"purchasable","14":"product-type-simple"},"yoast_head":"<!-- This site is optimized with the Yoast SEO plugin v26.9 - https:\/\/yoast.com\/product\/yoast-seo-wordpress\/ -->\n<title>Kapica z vizirjem - Garden Village Bled - Get Yours Today<\/title>\n<meta name=\"description\" content=\"Elegantna in udobna uniseks kapica z vizirjem, ki nosi logotip Garden Restavracije. Popolna za son\u010dne dni in spro\u0161\u010deno no\u0161enje.\" \/>\n<meta name=\"robots\" content=\"index, follow, max-snippet:-1, max-image-preview:large, max-video-preview:-1\" \/>\n<link rel=\"canonical\" href=\"https:\/\/shop.gardenvillagebled.com\/sl\/shop\/oblacila\/kapica-z-vizirjem\/\" \/>\n<meta property=\"og:locale\" content=\"sl_SI\" \/>\n<meta property=\"og:type\" content=\"article\" \/>\n<meta property=\"og:title\" content=\"Kapica z vizirjem - Garden Village Bled - Get Yours Today\" \/>\n<meta property=\"og:description\" content=\"Elegantna in udobna uniseks kapica z vizirjem, ki nosi logotip Garden Restavracije. Popolna za son\u010dne dni in spro\u0161\u010deno no\u0161enje.\" \/>\n<meta property=\"og:url\" content=\"https:\/\/shop.gardenvillagebled.com\/sl\/shop\/oblacila\/kapica-z-vizirjem\/\" \/>\n<meta property=\"og:site_name\" content=\"Garden Village Bled\" \/>\n<meta property=\"article:publisher\" content=\"https:\/\/www.facebook.com\/GardenVillageBledSlovenia\/\" \/>\n<meta property=\"article:modified_time\" content=\"2025-01-21T10:58:14+00:00\" \/>\n<meta property=\"og:image\" content=\"https:\/\/shop.gardenvillagebled.com\/wp-content\/uploads\/2025\/01\/produkti-9-scaled.jpg\" \/>\n\t<meta property=\"og:image:width\" content=\"1920\" \/>\n\t<meta property=\"og:image:height\" content=\"2560\" \/>\n\t<meta property=\"og:image:type\" content=\"image\/jpeg\" \/>\n<meta name=\"twitter:card\" content=\"summary_large_image\" \/>\n<script type=\"application\/ld+json\" class=\"yoast-schema-graph\">{\"@context\":\"https:\/\/schema.org\",\"@graph\":[{\"@type\":\"WebPage\",\"@id\":\"https:\/\/shop.gardenvillagebled.com\/sl\/shop\/oblacila\/kapica-z-vizirjem\/\",\"url\":\"https:\/\/shop.gardenvillagebled.com\/sl\/shop\/oblacila\/kapica-z-vizirjem\/\",\"name\":\"Kapica z vizirjem - Garden Village Bled - Get Yours Today\",\"isPartOf\":{\"@id\":\"https:\/\/shop.gardenvillagebled.com\/sl\/#website\"},\"primaryImageOfPage\":{\"@id\":\"https:\/\/shop.gardenvillagebled.com\/sl\/shop\/oblacila\/kapica-z-vizirjem\/#primaryimage\"},\"image\":{\"@id\":\"https:\/\/shop.gardenvillagebled.com\/sl\/shop\/oblacila\/kapica-z-vizirjem\/#primaryimage\"},\"thumbnailUrl\":\"https:\/\/shop.gardenvillagebled.com\/wp-content\/uploads\/2025\/01\/produkti-9-scaled.jpg\",\"datePublished\":\"2025-01-21T08:49:46+00:00\",\"dateModified\":\"2025-01-21T10:58:14+00:00\",\"description\":\"Elegantna in udobna uniseks kapica z vizirjem, ki nosi logotip Garden Restavracije. Popolna za son\u010dne dni in spro\u0161\u010deno no\u0161enje.\",\"breadcrumb\":{\"@id\":\"https:\/\/shop.gardenvillagebled.com\/sl\/shop\/oblacila\/kapica-z-vizirjem\/#breadcrumb\"},\"inLanguage\":\"sl-SI\",\"potentialAction\":[{\"@type\":\"ReadAction\",\"target\":[\"https:\/\/shop.gardenvillagebled.com\/sl\/shop\/oblacila\/kapica-z-vizirjem\/\"]}]},{\"@type\":\"ImageObject\",\"inLanguage\":\"sl-SI\",\"@id\":\"https:\/\/shop.gardenvillagebled.com\/sl\/shop\/oblacila\/kapica-z-vizirjem\/#primaryimage\",\"url\":\"https:\/\/shop.gardenvillagebled.com\/wp-content\/uploads\/2025\/01\/produkti-9-scaled.jpg\",\"contentUrl\":\"https:\/\/shop.gardenvillagebled.com\/wp-content\/uploads\/2025\/01\/produkti-9-scaled.jpg\",\"width\":1920,\"height\":2560},{\"@type\":\"BreadcrumbList\",\"@id\":\"https:\/\/shop.gardenvillagebled.com\/sl\/shop\/oblacila\/kapica-z-vizirjem\/#breadcrumb\",\"itemListElement\":[{\"@type\":\"ListItem\",\"position\":1,\"name\":\"Home\",\"item\":\"https:\/\/shop.gardenvillagebled.com\/sl\/domov\/\"},{\"@type\":\"ListItem\",\"position\":2,\"name\":\"Trgovina\",\"item\":\"https:\/\/shop.gardenvillagebled.com\/sl\/trgovina\/\"},{\"@type\":\"ListItem\",\"position\":3,\"name\":\"Kapica z vizirjem\"}]},{\"@type\":\"WebSite\",\"@id\":\"https:\/\/shop.gardenvillagebled.com\/sl\/#website\",\"url\":\"https:\/\/shop.gardenvillagebled.com\/sl\/\",\"name\":\"Garden Village Bled Shop\",\"description\":\"Friends with nature\",\"publisher\":{\"@id\":\"https:\/\/shop.gardenvillagebled.com\/sl\/#organization\"},\"potentialAction\":[{\"@type\":\"SearchAction\",\"target\":{\"@type\":\"EntryPoint\",\"urlTemplate\":\"https:\/\/shop.gardenvillagebled.com\/sl\/?s={search_term_string}\"},\"query-input\":{\"@type\":\"PropertyValueSpecification\",\"valueRequired\":true,\"valueName\":\"search_term_string\"}}],\"inLanguage\":\"sl-SI\"},{\"@type\":\"Organization\",\"@id\":\"https:\/\/shop.gardenvillagebled.com\/sl\/#organization\",\"name\":\"Garden Village Bled Shop\",\"url\":\"https:\/\/shop.gardenvillagebled.com\/sl\/\",\"logo\":{\"@type\":\"ImageObject\",\"inLanguage\":\"sl-SI\",\"@id\":\"https:\/\/shop.gardenvillagebled.com\/sl\/#\/schema\/logo\/image\/\",\"url\":\"https:\/\/shop.gardenvillagebled.com\/wp-content\/uploads\/2025\/01\/Kelih-family-logo.png\",\"contentUrl\":\"https:\/\/shop.gardenvillagebled.com\/wp-content\/uploads\/2025\/01\/Kelih-family-logo.png\",\"width\":32,\"height\":32,\"caption\":\"Garden Village Bled Shop\"},\"image\":{\"@id\":\"https:\/\/shop.gardenvillagebled.com\/sl\/#\/schema\/logo\/image\/\"},\"sameAs\":[\"https:\/\/www.facebook.com\/GardenVillageBledSlovenia\/\"]}]}<\/script>\n<!-- \/ Yoast SEO plugin. -->","yoast_head_json":{"title":"Kapica z vizirjem - Garden Village Bled - Get Yours Today","description":"Elegantna in udobna uniseks kapica z vizirjem, ki nosi logotip Garden Restavracije. Popolna za son\u010dne dni in spro\u0161\u010deno no\u0161enje.","robots":{"index":"index","follow":"follow","max-snippet":"max-snippet:-1","max-image-preview":"max-image-preview:large","max-video-preview":"max-video-preview:-1"},"canonical":"https:\/\/shop.gardenvillagebled.com\/sl\/shop\/oblacila\/kapica-z-vizirjem\/","og_locale":"sl_SI","og_type":"article","og_title":"Kapica z vizirjem - Garden Village Bled - Get Yours Today","og_description":"Elegantna in udobna uniseks kapica z vizirjem, ki nosi logotip Garden Restavracije. Popolna za son\u010dne dni in spro\u0161\u010deno no\u0161enje.","og_url":"https:\/\/shop.gardenvillagebled.com\/sl\/shop\/oblacila\/kapica-z-vizirjem\/","og_site_name":"Garden Village Bled","article_publisher":"https:\/\/www.facebook.com\/GardenVillageBledSlovenia\/","article_modified_time":"2025-01-21T10:58:14+00:00","og_image":[{"width":1920,"height":2560,"url":"https:\/\/shop.gardenvillagebled.com\/wp-content\/uploads\/2025\/01\/produkti-9-scaled.jpg","type":"image\/jpeg"}],"twitter_card":"summary_large_image","schema":{"@context":"https:\/\/schema.org","@graph":[{"@type":"WebPage","@id":"https:\/\/shop.gardenvillagebled.com\/sl\/shop\/oblacila\/kapica-z-vizirjem\/","url":"https:\/\/shop.gardenvillagebled.com\/sl\/shop\/oblacila\/kapica-z-vizirjem\/","name":"Kapica z vizirjem - Garden Village Bled - Get Yours Today","isPartOf":{"@id":"https:\/\/shop.gardenvillagebled.com\/sl\/#website"},"primaryImageOfPage":{"@id":"https:\/\/shop.gardenvillagebled.com\/sl\/shop\/oblacila\/kapica-z-vizirjem\/#primaryimage"},"image":{"@id":"https:\/\/shop.gardenvillagebled.com\/sl\/shop\/oblacila\/kapica-z-vizirjem\/#primaryimage"},"thumbnailUrl":"https:\/\/shop.gardenvillagebled.com\/wp-content\/uploads\/2025\/01\/produkti-9-scaled.jpg","datePublished":"2025-01-21T08:49:46+00:00","dateModified":"2025-01-21T10:58:14+00:00","description":"Elegantna in udobna uniseks kapica z vizirjem, ki nosi logotip Garden Restavracije. Popolna za son\u010dne dni in spro\u0161\u010deno no\u0161enje.","breadcrumb":{"@id":"https:\/\/shop.gardenvillagebled.com\/sl\/shop\/oblacila\/kapica-z-vizirjem\/#breadcrumb"},"inLanguage":"sl-SI","potentialAction":[{"@type":"ReadAction","target":["https:\/\/shop.gardenvillagebled.com\/sl\/shop\/oblacila\/kapica-z-vizirjem\/"]}]},{"@type":"ImageObject","inLanguage":"sl-SI","@id":"https:\/\/shop.gardenvillagebled.com\/sl\/shop\/oblacila\/kapica-z-vizirjem\/#primaryimage","url":"https:\/\/shop.gardenvillagebled.com\/wp-content\/uploads\/2025\/01\/produkti-9-scaled.jpg","contentUrl":"https:\/\/shop.gardenvillagebled.com\/wp-content\/uploads\/2025\/01\/produkti-9-scaled.jpg","width":1920,"height":2560},{"@type":"BreadcrumbList","@id":"https:\/\/shop.gardenvillagebled.com\/sl\/shop\/oblacila\/kapica-z-vizirjem\/#breadcrumb","itemListElement":[{"@type":"ListItem","position":1,"name":"Home","item":"https:\/\/shop.gardenvillagebled.com\/sl\/domov\/"},{"@type":"ListItem","position":2,"name":"Trgovina","item":"https:\/\/shop.gardenvillagebled.com\/sl\/trgovina\/"},{"@type":"ListItem","position":3,"name":"Kapica z vizirjem"}]},{"@type":"WebSite","@id":"https:\/\/shop.gardenvillagebled.com\/sl\/#website","url":"https:\/\/shop.gardenvillagebled.com\/sl\/","name":"Garden Village Bled Shop","description":"Friends with nature","publisher":{"@id":"https:\/\/shop.gardenvillagebled.com\/sl\/#organization"},"potentialAction":[{"@type":"SearchAction","target":{"@type":"EntryPoint","urlTemplate":"https:\/\/shop.gardenvillagebled.com\/sl\/?s={search_term_string}"},"query-input":{"@type":"PropertyValueSpecification","valueRequired":true,"valueName":"search_term_string"}}],"inLanguage":"sl-SI"},{"@type":"Organization","@id":"https:\/\/shop.gardenvillagebled.com\/sl\/#organization","name":"Garden Village Bled Shop","url":"https:\/\/shop.gardenvillagebled.com\/sl\/","logo":{"@type":"ImageObject","inLanguage":"sl-SI","@id":"https:\/\/shop.gardenvillagebled.com\/sl\/#\/schema\/logo\/image\/","url":"https:\/\/shop.gardenvillagebled.com\/wp-content\/uploads\/2025\/01\/Kelih-family-logo.png","contentUrl":"https:\/\/shop.gardenvillagebled.com\/wp-content\/uploads\/2025\/01\/Kelih-family-logo.png","width":32,"height":32,"caption":"Garden Village Bled Shop"},"image":{"@id":"https:\/\/shop.gardenvillagebled.com\/sl\/#\/schema\/logo\/image\/"},"sameAs":["https:\/\/www.facebook.com\/GardenVillageBledSlovenia\/"]}]}},"_links":{"self":[{"href":"https:\/\/shop.gardenvillagebled.com\/sl\/wp-json\/wp\/v2\/product\/1633","targetHints":{"allow":["GET"]}}],"collection":[{"href":"https:\/\/shop.gardenvillagebled.com\/sl\/wp-json\/wp\/v2\/product"}],"about":[{"href":"https:\/\/shop.gardenvillagebled.com\/sl\/wp-json\/wp\/v2\/types\/product"}],"wp:featuredmedia":[{"embeddable":true,"href":"https:\/\/shop.gardenvillagebled.com\/sl\/wp-json\/wp\/v2\/media\/1498"}],"wp:attachment":[{"href":"https:\/\/shop.gardenvillagebled.com\/sl\/wp-json\/wp\/v2\/media?parent=1633"}],"wp:term":[{"taxonomy":"product_brand","embeddable":true,"href":"https:\/\/shop.gardenvillagebled.com\/sl\/wp-json\/wp\/v2\/product_brand?post=1633"},{"taxonomy":"product_cat","embeddable":true,"href":"https:\/\/shop.gardenvillagebled.com\/sl\/wp-json\/wp\/v2\/product_cat?post=1633"},{"taxonomy":"product_tag","embeddable":true,"href":"https:\/\/shop.gardenvillagebled.com\/sl\/wp-json\/wp\/v2\/product_tag?post=1633"}],"curies":[{"name":"wp","href":"https:\/\/api.w.org\/{rel}","templated":true}]}}